{"id":28903,"date":"2022-05-24T17:11:52","date_gmt":"2022-05-24T15:11:52","guid":{"rendered":"http:\/\/holdingspace.be\/?page_id=28903"},"modified":"2026-01-07T11:19:57","modified_gmt":"2026-01-07T10:19:57","slug":"eine-gemeinsame-vision-entwickeln","status":"publish","type":"page","link":"https:\/\/holdingspace.be\/de\/eine-gemeinsame-vision-entwickeln\/","title":{"rendered":"PURPOSE ENTWICKELN"},"content":{"rendered":"<p>[et_pb_section fb_built=\u00a0\u00bb1&Prime; fullwidth=\u00a0\u00bbon\u00a0\u00bb _builder_version=\u00a0\u00bb4.16&Prime; _module_preset=\u00a0\u00bbdefault\u00a0\u00bb global_colors_info=\u00a0\u00bb{}\u00a0\u00bb][et_pb_fullwidth_header title=\u00a0\u00bbD\u00e9velopper une vision commune\u00a0\u00bb subhead=\u00a0\u00bbClarifier sa raison d&rsquo;\u00eatre, incarner ses valeurs\u00a0\u00bb background_overlay_color=\u00a0\u00bbrgba(144,43,86,0.7)\u00a0\u00bb _builder_version=\u00a0\u00bb4.17.4&Prime; _module_preset=\u00a0\u00bbdefault\u00a0\u00bb title_font=\u00a0\u00bbJura||||||||\u00a0\u00bb title_text_align=\u00a0\u00bbcenter\u00a0\u00bb title_font_size=\u00a0\u00bb70px\u00a0\u00bb title_line_height=\u00a0\u00bb1.2em\u00a0\u00bb subhead_font=\u00a0\u00bbRoboto|300|||||||\u00a0\u00bb subhead_text_align=\u00a0\u00bbcenter\u00a0\u00bb subhead_font_size=\u00a0\u00bb30px\u00a0\u00bb subhead_line_height=\u00a0\u00bb1.2em\u00a0\u00bb background_enable_color=\u00a0\u00bboff\u00a0\u00bb background_image=\u00a0\u00bbhttp:\/\/holdingspace.be\/wp-content\/uploads\/2022\/06\/Offer04_Header.jpg\u00a0\u00bb background_position=\u00a0\u00bbcenter_right\u00a0\u00bb background_horizontal_offset=\u00a0\u00bb0%\u00a0\u00bb min_height=\u00a0\u00bb500.2px\u00a0\u00bb custom_padding=\u00a0\u00bb240px|||||\u00a0\u00bb title_font_size_tablet=\u00a0\u00bb70px\u00a0\u00bb title_font_size_phone=\u00a0\u00bb40px\u00a0\u00bb title_font_size_last_edited=\u00a0\u00bbon|phone\u00a0\u00bb global_colors_info=\u00a0\u00bb{}\u00a0\u00bb][\/et_pb_fullwidth_header][\/et_pb_section][et_pb_section fb_built=\u00a0\u00bb1&Prime; admin_label=\u00a0\u00bbsection\u00a0\u00bb _builder_version=\u00a0\u00bb4.16&Prime; top_divider_height=\u00a0\u00bb79px\u00a0\u00bb transparent_background=\u00a0\u00bboff\u00a0\u00bb make_fullwidth=\u00a0\u00bboff\u00a0\u00bb use_custom_width=\u00a0\u00bboff\u00a0\u00bb width_unit=\u00a0\u00bboff\u00a0\u00bb custom_width_px=\u00a0\u00bb1080px\u00a0\u00bb custom_width_percent=\u00a0\u00bb80%\u00a0\u00bb global_colors_info=\u00a0\u00bb{}\u00a0\u00bb][et_pb_row _builder_version=\u00a0\u00bb4.16&Prime; _module_preset=\u00a0\u00bbdefault\u00a0\u00bb global_colors_info=\u00a0\u00bb{}\u00a0\u00bb][et_pb_column type=\u00a0\u00bb4_4&Prime; _builder_version=\u00a0\u00bb4.16&Prime; _module_preset=\u00a0\u00bbdefault\u00a0\u00bb global_colors_info=\u00a0\u00bb{}\u00a0\u00bb][et_pb_text _builder_version=\u00a0\u00bb4.17.4&Prime; _module_preset=\u00a0\u00bbdefault\u00a0\u00bb text_font=\u00a0\u00bbRoboto|300|||||||\u00a0\u00bb text_font_size=\u00a0\u00bb22px\u00a0\u00bb text_line_height=\u00a0\u00bb1.5em\u00a0\u00bb header_2_font=\u00a0\u00bbJura|700|||||||\u00a0\u00bb header_2_line_height=\u00a0\u00bb1.5em\u00a0\u00bb global_colors_info=\u00a0\u00bb{}\u00a0\u00bb]<\/p>\n<h2>Pour qui, pourquoi<\/h2>\n<p>Votre \u00e9quipe a besoin de se rassembler autour du projet commun. Vous voulez prendre le temps d\u2019expliciter ensemble pourquoi vous \u00eates rassembl\u00e9\u00b7e\u00b7s. dans ce projet. Pour tirer \u00e0 la m\u00eame corde, pour que tout le monde se sente partie prenante, pour mettre du sens, pour vivre les valeurs \u00e9nonc\u00e9es.<\/p>\n<h2>Qu\u2019est-ce que \u00e7a permet<\/h2>\n<ul>\n<li>Faire l\u2019exp\u00e9rience de l\u2019authenticit\u00e9, de l\u2019\u00e9coute et de l\u2019\u00e9quivalence dans l\u2019\u00e9quipe \u2013 \u00e7a cr\u00e9e de la confiance.<\/li>\n<li>Se rendre compte de nos similarit\u00e9s, souvent plus nombreuses que nos diff\u00e9rences.<\/li>\n<li>Avoir entre les mains, \u00e0 la fin de la journ\u00e9e, une raison d\u2019\u00eatre (<em>Purpose<\/em>) \u00e9crite, une boussole, \u00e0 laquelle revenir pour s\u2019orienter en tant que collectif. Un rappel de \u2018Oui, c\u2019est \u00e7a que nous voulons vivre ensemble\u2019.<\/li>\n<li>Passer un moment d\u00e9tendu tous et toutes ensemble, \u00e0 cr\u00e9er du lien et du sens, en vivant quelque chose de neuf.<\/li>\n<\/ul>\n<h2>Concr\u00e8tement<\/h2>\n<ul>\n<li>Atelier ludique et actif, con\u00e7u sur une demi-journ\u00e9e, ou sur une journ\u00e9e compl\u00e8te.<\/li>\n<li>L\u2019atelier est suivi de plusieurs micro-interventions de 30 minutes, appel\u00e9es \u2018<em>habit building\u2019<\/em>, pour cr\u00e9er des habitudes. Elles peuvent avoir lieu en ligne ou en pr\u00e9sentiel.<\/li>\n<li>Le processus peut se poursuivre par un \u00e0 trois ateliers de 2 \u00e0 3 heures pour apprendre \u00e0, tr\u00e8s concr\u00e8tement, incarner et vivre les valeurs \u00e9nonc\u00e9es dans le <em>Purpose<\/em> \u2013 individuellement et collectivement.<\/li>\n<li>J\u2019interviens en fran\u00e7ais, allemand et anglais.<\/li>\n<li>Les ateliers peuvent avoir lieu dans vos locaux, les miens (au centre de Berne), ou dans un espace tiers de votre choix.<\/li>\n<\/ul>\n<h2>Prix<\/h2>\n<p>Devis gratuit apr\u00e8s \u00e9change t\u00e9l\u00e9phonique pr\u00e9alable.<\/p>\n<h2>M\u00e9thodologie<\/h2>\n<p>Je travaille avec la m\u00e9thodologie d\u00e9velopp\u00e9e par Nadja Schnetzler et Laurent Burst dans le cadre de Generation Purpose.<\/p>\n<p>[\/et_pb_text][et_pb_button button_url=\u00a0\u00bb@ET-DC@eyJkeW5hbWljIjp0cnVlLCJjb250ZW50IjoicG9zdF9saW5rX3VybF9wYWdlIiwic2V0dGluZ3MiOnsicG9zdF9pZCI6IjQ1In19@\u00a0\u00bb button_text=\u00a0\u00bbMe contacter\u00a0\u00bb button_alignment=\u00a0\u00bbcenter\u00a0\u00bb _builder_version=\u00a0\u00bb4.17.4&Prime; _dynamic_attributes=\u00a0\u00bbbutton_url\u00a0\u00bb _module_preset=\u00a0\u00bbdefault\u00a0\u00bb custom_button=\u00a0\u00bbon\u00a0\u00bb button_text_color=\u00a0\u00bb#da3d82&Prime; button_bg_color=\u00a0\u00bbRGBA(255,255,255,0)\u00a0\u00bb button_font=\u00a0\u00bbRoboto|300|||||||\u00a0\u00bb custom_margin=\u00a0\u00bb70px||70px||false|false\u00a0\u00bb custom_margin_tablet=\u00a0\u00bb|||0px|false|false\u00a0\u00bb custom_margin_phone=\u00a0\u00bb|20px|100px|20px|false|false\u00a0\u00bb custom_margin_last_edited=\u00a0\u00bbon|desktop\u00a0\u00bb custom_padding=\u00a0\u00bb||||false|false\u00a0\u00bb global_colors_info=\u00a0\u00bb{}\u00a0\u00bb][\/et_pb_button][\/et_pb_column][\/et_pb_row][\/et_pb_section]<\/p>\n","protected":false},"excerpt":{"rendered":"<p>Pour qui, pourquoi Votre \u00e9quipe a besoin de se rassembler autour du projet commun. Vous voulez prendre le temps d\u2019expliciter ensemble pourquoi vous \u00eates rassembl\u00e9\u00b7e\u00b7s. dans ce projet. Pour tirer \u00e0 la m\u00eame corde, pour que tout le monde se sente partie prenante, pour mettre du sens, pour vivre les valeurs \u00e9nonc\u00e9es. Qu\u2019est-ce que \u00e7a [&hellip;]<\/p>\n","protected":false},"author":1,"featured_media":0,"parent":0,"menu_order":0,"comment_status":"closed","ping_status":"closed","template":"","meta":{"_et_pb_use_builder":"on","_et_pb_old_content":"","_et_gb_content_width":"","footnotes":""},"class_list":["post-28903","page","type-page","status-publish","hentry"],"_links":{"self":[{"href":"https:\/\/holdingspace.be\/de\/wp-json\/wp\/v2\/pages\/28903","targetHints":{"allow":["GET"]}}],"collection":[{"href":"https:\/\/holdingspace.be\/de\/wp-json\/wp\/v2\/pages"}],"about":[{"href":"https:\/\/holdingspace.be\/de\/wp-json\/wp\/v2\/types\/page"}],"author":[{"embeddable":true,"href":"https:\/\/holdingspace.be\/de\/wp-json\/wp\/v2\/users\/1"}],"replies":[{"embeddable":true,"href":"https:\/\/holdingspace.be\/de\/wp-json\/wp\/v2\/comments?post=28903"}],"version-history":[{"count":20,"href":"https:\/\/holdingspace.be\/de\/wp-json\/wp\/v2\/pages\/28903\/revisions"}],"predecessor-version":[{"id":29661,"href":"https:\/\/holdingspace.be\/de\/wp-json\/wp\/v2\/pages\/28903\/revisions\/29661"}],"wp:attachment":[{"href":"https:\/\/holdingspace.be\/de\/wp-json\/wp\/v2\/media?parent=28903"}],"curies":[{"name":"wp","href":"https:\/\/api.w.org\/{rel}","templated":true}]}}