{"id":28901,"date":"2022-05-24T17:11:04","date_gmt":"2022-05-24T15:11:04","guid":{"rendered":"http:\/\/holdingspace.be\/?page_id=28901"},"modified":"2026-01-07T11:09:31","modified_gmt":"2026-01-07T10:09:31","slug":"einzelcoaching","status":"publish","type":"page","link":"https:\/\/holdingspace.be\/de\/einzelcoaching\/","title":{"rendered":"EINZELCOACHING"},"content":{"rendered":"<p>[et_pb_section fb_built=\u00a0\u00bb1&Prime; fullwidth=\u00a0\u00bbon\u00a0\u00bb _builder_version=\u00a0\u00bb4.17.4&Prime; _module_preset=\u00a0\u00bbdefault\u00a0\u00bb min_height=\u00a0\u00bb500px\u00a0\u00bb global_colors_info=\u00a0\u00bb{}\u00a0\u00bb][et_pb_fullwidth_header title=\u00a0\u00bbCoaching individuel\u00a0\u00bb subhead=\u00a0\u00bbSe clarifier pour retrouver son pouvoir d\u2019agir\u00a0\u00bb background_overlay_color=\u00a0\u00bbrgba(38,218,138,0.7)\u00a0\u00bb _builder_version=\u00a0\u00bb4.17.4&Prime; _module_preset=\u00a0\u00bbdefault\u00a0\u00bb title_font=\u00a0\u00bbJura||||||||\u00a0\u00bb title_text_align=\u00a0\u00bbcenter\u00a0\u00bb title_font_size=\u00a0\u00bb70px\u00a0\u00bb content_font=\u00a0\u00bbRoboto|300|||||||\u00a0\u00bb content_text_align=\u00a0\u00bbcenter\u00a0\u00bb subhead_font=\u00a0\u00bbRoboto|300|||||||\u00a0\u00bb subhead_text_align=\u00a0\u00bbcenter\u00a0\u00bb subhead_font_size=\u00a0\u00bb45px\u00a0\u00bb subhead_line_height=\u00a0\u00bb1.2em\u00a0\u00bb background_enable_color=\u00a0\u00bboff\u00a0\u00bb background_image=\u00a0\u00bbhttp:\/\/holdingspace.be\/wp-content\/uploads\/2022\/06\/Offer03_Header.jpg\u00a0\u00bb min_height=\u00a0\u00bb500.2px\u00a0\u00bb custom_padding=\u00a0\u00bb240px||||false|false\u00a0\u00bb title_text_color_tablet=\u00a0\u00bb\u00a0\u00bb title_text_color_phone=\u00a0\u00bb\u00a0\u00bb title_text_color_last_edited=\u00a0\u00bbon|phone\u00a0\u00bb content_text_color_tablet=\u00a0\u00bb\u00a0\u00bb content_text_color_phone=\u00a0\u00bb\u00a0\u00bb content_text_color_last_edited=\u00a0\u00bbon|phone\u00a0\u00bb global_colors_info=\u00a0\u00bb{}\u00a0\u00bb][\/et_pb_fullwidth_header][\/et_pb_section][et_pb_section fb_built=\u00a0\u00bb1&Prime; admin_label=\u00a0\u00bbsection\u00a0\u00bb _builder_version=\u00a0\u00bb4.16&Prime; top_divider_height=\u00a0\u00bb79px\u00a0\u00bb transparent_background=\u00a0\u00bboff\u00a0\u00bb make_fullwidth=\u00a0\u00bboff\u00a0\u00bb use_custom_width=\u00a0\u00bboff\u00a0\u00bb width_unit=\u00a0\u00bboff\u00a0\u00bb custom_width_px=\u00a0\u00bb1080px\u00a0\u00bb custom_width_percent=\u00a0\u00bb80%\u00a0\u00bb global_colors_info=\u00a0\u00bb{}\u00a0\u00bb][et_pb_row _builder_version=\u00a0\u00bb4.16&Prime; _module_preset=\u00a0\u00bbdefault\u00a0\u00bb global_colors_info=\u00a0\u00bb{}\u00a0\u00bb][et_pb_column type=\u00a0\u00bb4_4&Prime; _builder_version=\u00a0\u00bb4.16&Prime; _module_preset=\u00a0\u00bbdefault\u00a0\u00bb global_colors_info=\u00a0\u00bb{}\u00a0\u00bb][et_pb_text _builder_version=\u00a0\u00bb4.17.4&Prime; _module_preset=\u00a0\u00bbdefault\u00a0\u00bb text_font=\u00a0\u00bbRoboto|300|||||||\u00a0\u00bb text_font_size=\u00a0\u00bb22px\u00a0\u00bb text_line_height=\u00a0\u00bb1.5em\u00a0\u00bb ul_line_height=\u00a0\u00bb1.4em\u00a0\u00bb ol_line_height=\u00a0\u00bb1.2em\u00a0\u00bb header_2_font=\u00a0\u00bbJura|700|||||||\u00a0\u00bb header_2_line_height=\u00a0\u00bb2em\u00a0\u00bb custom_margin=\u00a0\u00bb||||false|false\u00a0\u00bb custom_padding=\u00a0\u00bb||||false|false\u00a0\u00bb global_module=\u00a0\u00bb28997&Prime; saved_tabs=\u00a0\u00bball\u00a0\u00bb global_colors_info=\u00a0\u00bb{}\u00a0\u00bb]<\/p>\n<h2><strong>Pour qui, pourquoi ?<\/strong><\/h2>\n<p>Offrir \u00e0 ses collaborateurices un espace confidentiel pour \u00eatre entendu\u00b7e\u00b7s dans leurs d\u00e9fis, difficult\u00e9s relationnelles et tensions au travail, est un investissement plein de bon sens.<\/p>\n<h2><strong>Qu\u2019est-ce que \u00e7a permet ?<\/strong><\/h2>\n<p>Ces temps d\u2019\u00e9coute permettent de faire un pas de c\u00f4t\u00e9 pour retrouver de la clart\u00e9, de l&rsquo;espace int\u00e9rieur et acc\u00e9der \u00e0 ses propres ressources. Davantage ancr\u00e9e en elle-m\u00eame, la personne peut poser des choix et des actions qui sont ajust\u00e9s pour elle. Elle retrouve son pouvoir d\u2019agir. Souvent, cela la reconnecte \u00e0 de la d\u00e9tente et de l\u2019ouverture, ce qui lui permet de prendre davantage les autres en consid\u00e9ration, rendant le terrain plus fertile \u00e0 la collaboration.<\/p>\n<h2><strong>Concr\u00e8tement<\/strong><\/h2>\n<ul>\n<li>Les s\u00e9ances ont lieu en fran\u00e7ais, allemand ou anglais.<\/li>\n<li>Elles ont lieu \u00e0 Berne en pr\u00e9sentiel (\u00e0 7 minutes \u00e0 pied de la gare CFF), ou en visioconf\u00e9rence.<\/li>\n<li>Les s\u00e9ances durent entre 60 et 90 minutes selon les th\u00e9matiques.<\/li>\n<\/ul>\n<h2>Prix<\/h2>\n<p>Devis gratuit sur demande, apr\u00e8s \u00e9change t\u00e9l\u00e9phonique pr\u00e9alable.<\/p>\n<h2>M\u00e9thodologie<\/h2>\n<p>Ma pratique s&rsquo;ancre dans la Communication NonViolente (CNV) selon le processus mod\u00e9lis\u00e9 par Marshall Rosenberg et l\u2019\u00e9coute de nos Multiples Aspects Int\u00e9rieurs (M.A.I.), mod\u00e9lis\u00e9 par Iss\u00e2 Padovani.<\/p>\n<p>[\/et_pb_text][et_pb_button button_url=\u00a0\u00bb@ET-DC@eyJkeW5hbWljIjp0cnVlLCJjb250ZW50IjoicG9zdF9saW5rX3VybF9wYWdlIiwic2V0dGluZ3MiOnsicG9zdF9pZCI6IjQ1In19@\u00a0\u00bb button_text=\u00a0\u00bbMe contacter\u00a0\u00bb button_alignment=\u00a0\u00bbcenter\u00a0\u00bb _builder_version=\u00a0\u00bb4.17.4&Prime; _dynamic_attributes=\u00a0\u00bbbutton_url\u00a0\u00bb _module_preset=\u00a0\u00bbdefault\u00a0\u00bb custom_button=\u00a0\u00bbon\u00a0\u00bb button_text_color=\u00a0\u00bb#da3d82&Prime; button_bg_color=\u00a0\u00bbRGBA(255,255,255,0)\u00a0\u00bb button_font=\u00a0\u00bbRoboto|300|||||||\u00a0\u00bb custom_margin=\u00a0\u00bb70px||70px||false|false\u00a0\u00bb custom_margin_tablet=\u00a0\u00bb|||0px|false|false\u00a0\u00bb custom_margin_phone=\u00a0\u00bb|20px|100px|20px|false|false\u00a0\u00bb custom_margin_last_edited=\u00a0\u00bbon|desktop\u00a0\u00bb custom_padding=\u00a0\u00bb||||false|false\u00a0\u00bb global_colors_info=\u00a0\u00bb{}\u00a0\u00bb][\/et_pb_button][\/et_pb_column][\/et_pb_row][\/et_pb_section]<\/p>\n","protected":false},"excerpt":{"rendered":"<p>Pour qui, pourquoi ? Offrir \u00e0 ses collaborateurices un espace confidentiel pour \u00eatre entendu\u00b7e\u00b7s dans leurs d\u00e9fis, difficult\u00e9s relationnelles et tensions au travail, est un investissement plein de bon sens. Qu\u2019est-ce que \u00e7a permet ? Ces temps d\u2019\u00e9coute permettent de faire un pas de c\u00f4t\u00e9 pour retrouver de la clart\u00e9, de l&rsquo;espace int\u00e9rieur et acc\u00e9der [&hellip;]<\/p>\n","protected":false},"author":1,"featured_media":0,"parent":0,"menu_order":0,"comment_status":"closed","ping_status":"closed","template":"","meta":{"_et_pb_use_builder":"on","_et_pb_old_content":"","_et_gb_content_width":"","footnotes":""},"class_list":["post-28901","page","type-page","status-publish","hentry"],"_links":{"self":[{"href":"https:\/\/holdingspace.be\/de\/wp-json\/wp\/v2\/pages\/28901","targetHints":{"allow":["GET"]}}],"collection":[{"href":"https:\/\/holdingspace.be\/de\/wp-json\/wp\/v2\/pages"}],"about":[{"href":"https:\/\/holdingspace.be\/de\/wp-json\/wp\/v2\/types\/page"}],"author":[{"embeddable":true,"href":"https:\/\/holdingspace.be\/de\/wp-json\/wp\/v2\/users\/1"}],"replies":[{"embeddable":true,"href":"https:\/\/holdingspace.be\/de\/wp-json\/wp\/v2\/comments?post=28901"}],"version-history":[{"count":38,"href":"https:\/\/holdingspace.be\/de\/wp-json\/wp\/v2\/pages\/28901\/revisions"}],"predecessor-version":[{"id":29657,"href":"https:\/\/holdingspace.be\/de\/wp-json\/wp\/v2\/pages\/28901\/revisions\/29657"}],"wp:attachment":[{"href":"https:\/\/holdingspace.be\/de\/wp-json\/wp\/v2\/media?parent=28901"}],"curies":[{"name":"wp","href":"https:\/\/api.w.org\/{rel}","templated":true}]}}