{"id":28868,"date":"2022-05-18T15:47:31","date_gmt":"2022-05-18T13:47:31","guid":{"rendered":"http:\/\/holdingspace.be\/?page_id=28868"},"modified":"2026-01-07T10:57:14","modified_gmt":"2026-01-07T09:57:14","slug":"kommunikationstraining","status":"publish","type":"page","link":"https:\/\/holdingspace.be\/de\/kommunikationstraining\/","title":{"rendered":"TRAINING IN ZWISCHENMENSCHLICHER KOMMUNIKATION"},"content":{"rendered":"<p>[et_pb_section fb_built=\u00a0\u00bb1&Prime; fullwidth=\u00a0\u00bbon\u00a0\u00bb _builder_version=\u00a0\u00bb4.16&Prime; _module_preset=\u00a0\u00bbdefault\u00a0\u00bb global_colors_info=\u00a0\u00bb{}\u00a0\u00bb][et_pb_fullwidth_header title=\u00a0\u00bbFormation \u00e0 la communication interpersonnelle\u00a0\u00bb subhead=\u00a0\u00bbCommuniquer autrement pour mieux collaborer\u00a0\u00bb background_overlay_color=\u00a0\u00bbrgba(0,110,103,0.7)\u00a0\u00bb _builder_version=\u00a0\u00bb4.17.4&Prime; _module_preset=\u00a0\u00bbdefault\u00a0\u00bb title_font=\u00a0\u00bbJura||||||||\u00a0\u00bb title_text_align=\u00a0\u00bbcenter\u00a0\u00bb title_font_size=\u00a0\u00bb70px\u00a0\u00bb title_line_height=\u00a0\u00bb1.1em\u00a0\u00bb content_font=\u00a0\u00bbRoboto|300|||||||\u00a0\u00bb content_text_align=\u00a0\u00bbcenter\u00a0\u00bb subhead_font=\u00a0\u00bbRoboto|300|||||||\u00a0\u00bb subhead_text_align=\u00a0\u00bbcenter\u00a0\u00bb subhead_font_size=\u00a0\u00bb30px\u00a0\u00bb subhead_line_height=\u00a0\u00bb1.2em\u00a0\u00bb background_enable_color=\u00a0\u00bboff\u00a0\u00bb background_image=\u00a0\u00bbhttp:\/\/holdingspace.be\/wp-content\/uploads\/2022\/06\/Offer01_Header.jpg\u00a0\u00bb background_position=\u00a0\u00bbcenter_left\u00a0\u00bb background_horizontal_offset=\u00a0\u00bb46%\u00a0\u00bb min_height=\u00a0\u00bb500.2px\u00a0\u00bb custom_padding=\u00a0\u00bb200px|||||\u00a0\u00bb title_font_size_tablet=\u00a0\u00bb70px\u00a0\u00bb title_font_size_phone=\u00a0\u00bb40px\u00a0\u00bb title_font_size_last_edited=\u00a0\u00bbon|phone\u00a0\u00bb global_colors_info=\u00a0\u00bb{}\u00a0\u00bb][\/et_pb_fullwidth_header][\/et_pb_section][et_pb_section fb_built=\u00a0\u00bb1&Prime; admin_label=\u00a0\u00bbsection\u00a0\u00bb _builder_version=\u00a0\u00bb4.16&Prime; top_divider_height=\u00a0\u00bb79px\u00a0\u00bb transparent_background=\u00a0\u00bboff\u00a0\u00bb make_fullwidth=\u00a0\u00bboff\u00a0\u00bb use_custom_width=\u00a0\u00bboff\u00a0\u00bb width_unit=\u00a0\u00bboff\u00a0\u00bb custom_width_px=\u00a0\u00bb1080px\u00a0\u00bb custom_width_percent=\u00a0\u00bb80%\u00a0\u00bb global_colors_info=\u00a0\u00bb{}\u00a0\u00bb][et_pb_row _builder_version=\u00a0\u00bb4.16&Prime; _module_preset=\u00a0\u00bbdefault\u00a0\u00bb global_colors_info=\u00a0\u00bb{}\u00a0\u00bb][et_pb_column type=\u00a0\u00bb4_4&Prime; _builder_version=\u00a0\u00bb4.16&Prime; _module_preset=\u00a0\u00bbdefault\u00a0\u00bb global_colors_info=\u00a0\u00bb{}\u00a0\u00bb][et_pb_text _builder_version=\u00a0\u00bb4.17.4&Prime; _module_preset=\u00a0\u00bbdefault\u00a0\u00bb text_font=\u00a0\u00bbRoboto|300|||||||\u00a0\u00bb text_font_size=\u00a0\u00bb22px\u00a0\u00bb text_line_height=\u00a0\u00bb1.5em\u00a0\u00bb header_2_font=\u00a0\u00bbJura|700|||||||\u00a0\u00bb header_2_line_height=\u00a0\u00bb1.5em\u00a0\u00bb header_2_line_height_tablet=\u00a0\u00bb1.5em\u00a0\u00bb header_2_line_height_phone=\u00a0\u00bb1.5em\u00a0\u00bb header_2_line_height_last_edited=\u00a0\u00bbon|phone\u00a0\u00bb global_colors_info=\u00a0\u00bb{}\u00a0\u00bb]<\/p>\n<p>Ces ateliers sont une occasion magnifique de prendre soin des relations dans les \u00e9quipes, tout en transmettant des comp\u00e9tences au service des personnes et des projets.<\/p>\n<h2>A qui \u00e7a s\u2019adresse\u00a0?<\/h2>\n<ul>\n<li>Aux organisations conscientes de la n\u00e9cessit\u00e9 de renforcer les comp\u00e9tences relationnelles pour tisser de la confiance au service des projets communs.<\/li>\n<li>Aux organisations conscientes du co\u00fbt des relations dysfonctionnelles et qui souhaitent \u00e9conomiser leurs ressources (argent, temps, \u00e9nergie, sant\u00e9 mentale) et ralentir le taux de renouvellement du personnel (<em>turnover<\/em>) dans la structure.<\/li>\n<\/ul>\n<h2>Certaines des comp\u00e9tences d\u00e9velopp\u00e9es durant ces formations<\/h2>\n<ul>\n<li>Capacit\u00e9 \u00e0 prendre conscience de ses propres besoins, \u00e0 les exprimer et \u00e0 faire des demandes pour les satisfaire.<\/li>\n<li>Apprendre \u00e0 \u00e9couter autrement.<\/li>\n<li>Capacit\u00e9 \u00e0 se relier aux besoins des autres et \u00e0 entendre leurs demandes.<\/li>\n<li>Apprendre \u00e0 exprimer un Non et \u00e0 en recevoir.<\/li>\n<li>Apprendre \u00e0 se dire Merci autrement et \u00e0 se faire des retours (<em>feedbacks<\/em>) soutenants et \u00e9nergisants.<\/li>\n<\/ul>\n<h2>Ce que \u00e7a permet<\/h2>\n<ul>\n<li>Vivre la bienveillance.<\/li>\n<li>Oser adresser les conflits et les tensions sans avoir peur de se couper du lien.<\/li>\n<li>Oser poser ses limites et entendre celles des autres.<\/li>\n<li>Faire grandir la confiance au sein du groupe car chacun\u00b7e d\u00e9couvre qu&rsquo;il ou elle compte, peut \u00eatre entendu\u00b7e et consid\u00e9r\u00e9\u00b7e.<\/li>\n<li>\u00c9nergiser les projets et les structures.<\/li>\n<li>(Re)trouver de la fluidit\u00e9 dans la communication et du lien dans les \u00e9quipes.<\/li>\n<\/ul>\n<p>Toutes ces capacit\u00e9s vont permettre \u00e0 l\u2019organisation de faire un bon d\u2019efficacit\u00e9 dans la qualit\u00e9 des relations, la communication et le travail.<\/p>\n<h2>Comment \u00e7a se passe concr\u00e8tement<\/h2>\n<ul>\n<li>Je me d\u00e9place dans toute la Suisse et pays voisins pour venir animer des ateliers dans vos locaux, ou dans tout autre lieu de votre choix.<\/li>\n<li>L&rsquo;int\u00e9gration des outils propos\u00e9s n\u00e9cessite un engagement de ressources \u00e0 moyen terme (temps et argent), et une pratique r\u00e9guli\u00e8re.<\/li>\n<li>J&rsquo;interviens en fran\u00e7ais, allemand et anglais.<\/li>\n<\/ul>\n<h2>Prix<\/h2>\n<p>Devis gratuit sur demande, apr\u00e8s \u00e9change t\u00e9l\u00e9phonique pr\u00e9alable.<\/p>\n<h2>M\u00e9thodologie<\/h2>\n<p>Ma pratique s\u2019ancre dans la Communication NonViolente (CNV), les outils d\u2019intelligence collective, et les m\u00e9thodes de facilitation d\u00e9velopp\u00e9es par Generation Purpose.<\/p>\n<p>[\/et_pb_text][et_pb_button button_url=\u00a0\u00bb@ET-DC@eyJkeW5hbWljIjp0cnVlLCJjb250ZW50IjoicG9zdF9saW5rX3VybF9wYWdlIiwic2V0dGluZ3MiOnsicG9zdF9pZCI6IjQ1In19@\u00a0\u00bb button_text=\u00a0\u00bbMe contacter\u00a0\u00bb button_alignment=\u00a0\u00bbcenter\u00a0\u00bb _builder_version=\u00a0\u00bb4.17.4&Prime; _dynamic_attributes=\u00a0\u00bbbutton_url\u00a0\u00bb _module_preset=\u00a0\u00bbdefault\u00a0\u00bb custom_button=\u00a0\u00bbon\u00a0\u00bb button_text_color=\u00a0\u00bb#da3d82&Prime; button_bg_color=\u00a0\u00bbRGBA(255,255,255,0)\u00a0\u00bb button_font=\u00a0\u00bbRoboto|300|||||||\u00a0\u00bb custom_margin=\u00a0\u00bb70px||70px||false|false\u00a0\u00bb custom_margin_tablet=\u00a0\u00bb|||0px|false|false\u00a0\u00bb custom_margin_phone=\u00a0\u00bb|20px|100px|20px|false|false\u00a0\u00bb custom_margin_last_edited=\u00a0\u00bbon|desktop\u00a0\u00bb custom_padding=\u00a0\u00bb||||false|false\u00a0\u00bb global_colors_info=\u00a0\u00bb{}\u00a0\u00bb][\/et_pb_button][\/et_pb_column][\/et_pb_row][\/et_pb_section]<\/p>\n","protected":false},"excerpt":{"rendered":"<p>Ces ateliers sont une occasion magnifique de prendre soin des relations dans les \u00e9quipes, tout en transmettant des comp\u00e9tences au service des personnes et des projets. A qui \u00e7a s\u2019adresse\u00a0? Aux organisations conscientes de la n\u00e9cessit\u00e9 de renforcer les comp\u00e9tences relationnelles pour tisser de la confiance au service des projets communs. Aux organisations conscientes du [&hellip;]<\/p>\n","protected":false},"author":1,"featured_media":0,"parent":0,"menu_order":0,"comment_status":"closed","ping_status":"closed","template":"","meta":{"_et_pb_use_builder":"on","_et_pb_old_content":"","_et_gb_content_width":"","footnotes":""},"class_list":["post-28868","page","type-page","status-publish","hentry"],"_links":{"self":[{"href":"https:\/\/holdingspace.be\/de\/wp-json\/wp\/v2\/pages\/28868","targetHints":{"allow":["GET"]}}],"collection":[{"href":"https:\/\/holdingspace.be\/de\/wp-json\/wp\/v2\/pages"}],"about":[{"href":"https:\/\/holdingspace.be\/de\/wp-json\/wp\/v2\/types\/page"}],"author":[{"embeddable":true,"href":"https:\/\/holdingspace.be\/de\/wp-json\/wp\/v2\/users\/1"}],"replies":[{"embeddable":true,"href":"https:\/\/holdingspace.be\/de\/wp-json\/wp\/v2\/comments?post=28868"}],"version-history":[{"count":28,"href":"https:\/\/holdingspace.be\/de\/wp-json\/wp\/v2\/pages\/28868\/revisions"}],"predecessor-version":[{"id":29648,"href":"https:\/\/holdingspace.be\/de\/wp-json\/wp\/v2\/pages\/28868\/revisions\/29648"}],"wp:attachment":[{"href":"https:\/\/holdingspace.be\/de\/wp-json\/wp\/v2\/media?parent=28868"}],"curies":[{"name":"wp","href":"https:\/\/api.w.org\/{rel}","templated":true}]}}