{"id":28852,"date":"2022-05-17T09:49:14","date_gmt":"2022-05-17T07:49:14","guid":{"rendered":"http:\/\/holdingspace.be\/?page_id=28852"},"modified":"2026-01-08T17:01:50","modified_gmt":"2026-01-08T16:01:50","slug":"a-propos","status":"publish","type":"page","link":"https:\/\/holdingspace.be\/de\/a-propos\/","title":{"rendered":"\u00dcBER MICH"},"content":{"rendered":"<p>[et_pb_section fb_built=\u00a0\u00bb1&Prime; admin_label=\u00a0\u00bbsection\u00a0\u00bb _builder_version=\u00a0\u00bb4.16&Prime; custom_padding=\u00a0\u00bb0px|0px|0px|0px\u00a0\u00bb transparent_background=\u00a0\u00bboff\u00a0\u00bb make_fullwidth=\u00a0\u00bboff\u00a0\u00bb use_custom_width=\u00a0\u00bboff\u00a0\u00bb width_unit=\u00a0\u00bboff\u00a0\u00bb custom_width_px=\u00a0\u00bb1080px\u00a0\u00bb custom_width_percent=\u00a0\u00bb80%\u00a0\u00bb global_module=\u00a0\u00bb29113&Prime; global_colors_info=\u00a0\u00bb{}\u00a0\u00bb][et_pb_row column_structure=\u00a0\u00bb1_2,1_2&Prime; use_custom_gutter=\u00a0\u00bbon\u00a0\u00bb gutter_width=\u00a0\u00bb1&Prime; admin_label=\u00a0\u00bbrow\u00a0\u00bb module_class=\u00a0\u00bb et_pb_row_fullwidth\u00a0\u00bb _builder_version=\u00a0\u00bb4.17.4&Prime; background_size=\u00a0\u00bbinitial\u00a0\u00bb background_position=\u00a0\u00bbtop_left\u00a0\u00bb background_repeat=\u00a0\u00bbrepeat\u00a0\u00bb width=\u00a0\u00bb100%\u00a0\u00bb width_tablet=\u00a0\u00bb100%\u00a0\u00bb width_phone=\u00a0\u00bb100%\u00a0\u00bb width_last_edited=\u00a0\u00bbon|desktop\u00a0\u00bb max_width=\u00a0\u00bb100%\u00a0\u00bb max_width_tablet=\u00a0\u00bb100%\u00a0\u00bb max_width_phone=\u00a0\u00bb100%\u00a0\u00bb max_width_last_edited=\u00a0\u00bbon|desktop\u00a0\u00bb custom_padding=\u00a0\u00bb0px|0px|0px|0px\u00a0\u00bb make_fullwidth=\u00a0\u00bbon\u00a0\u00bb use_custom_width=\u00a0\u00bboff\u00a0\u00bb width_unit=\u00a0\u00bboff\u00a0\u00bb custom_width_px=\u00a0\u00bb1080px\u00a0\u00bb custom_width_percent=\u00a0\u00bb80%\u00a0\u00bb global_colors_info=\u00a0\u00bb{}\u00a0\u00bb][et_pb_column type=\u00a0\u00bb1_2&Prime; _builder_version=\u00a0\u00bb4.17.4&Prime; background_enable_color=\u00a0\u00bboff\u00a0\u00bb custom_padding=\u00a0\u00bb|||\u00a0\u00bb global_colors_info=\u00a0\u00bb{}\u00a0\u00bb custom_padding__hover=\u00a0\u00bb|||\u00a0\u00bb][et_pb_image src=\u00a0\u00bbhttp:\/\/holdingspace.be\/wp-content\/uploads\/2022\/06\/Profile_Aurelie_de_Lalande.jpg\u00a0\u00bb title_text=\u00a0\u00bbProfile_Aurelie_de_Lalande\u00a0\u00bb force_fullwidth=\u00a0\u00bbon\u00a0\u00bb align_tablet=\u00a0\u00bbcenter\u00a0\u00bb align_phone=\u00a0\u00bbcenter\u00a0\u00bb align_last_edited=\u00a0\u00bbon|desktop\u00a0\u00bb admin_label=\u00a0\u00bbImage\u00a0\u00bb _builder_version=\u00a0\u00bb4.17.4&Prime; background_color=\u00a0\u00bbrgba(255,93,93,0.4)\u00a0\u00bb animation_style=\u00a0\u00bbslide\u00a0\u00bb animation_direction=\u00a0\u00bbleft\u00a0\u00bb animation_duration=\u00a0\u00bb500ms\u00a0\u00bb animation_intensity_slide=\u00a0\u00bb10%\u00a0\u00bb sticky=\u00a0\u00bboff\u00a0\u00bb use_border_color=\u00a0\u00bboff\u00a0\u00bb border_color=\u00a0\u00bb#ffffff\u00a0\u00bb border_width=\u00a0\u00bb1px\u00a0\u00bb border_style=\u00a0\u00bbsolid\u00a0\u00bb always_center_on_mobile=\u00a0\u00bbon\u00a0\u00bb global_colors_info=\u00a0\u00bb{}\u00a0\u00bb] [\/et_pb_image][\/et_pb_column][et_pb_column type=\u00a0\u00bb1_2&Prime; _builder_version=\u00a0\u00bb4.16&Prime; custom_padding=\u00a0\u00bb|||\u00a0\u00bb global_colors_info=\u00a0\u00bb{}\u00a0\u00bb custom_padding__hover=\u00a0\u00bb|||\u00a0\u00bb][et_pb_text admin_label=\u00a0\u00bbTexte\u00a0\u00bb _builder_version=\u00a0\u00bb4.17.4&Prime; text_font=\u00a0\u00bbRoboto|300|||||||\u00a0\u00bb text_font_size=\u00a0\u00bb22px\u00a0\u00bb text_line_height=\u00a0\u00bb1.5em\u00a0\u00bb header_font=\u00a0\u00bbJura||||||||\u00a0\u00bb header_line_height=\u00a0\u00bb1.5em\u00a0\u00bb header_2_font=\u00a0\u00bbJura|700|||||||\u00a0\u00bb header_2_line_height=\u00a0\u00bb2em\u00a0\u00bb header_4_font=\u00a0\u00bbRoboto|300|||||||\u00a0\u00bb background_size=\u00a0\u00bbinitial\u00a0\u00bb background_position=\u00a0\u00bbtop_left\u00a0\u00bb background_repeat=\u00a0\u00bbrepeat\u00a0\u00bb custom_margin=\u00a0\u00bb|||\u00a0\u00bb custom_padding=\u00a0\u00bb40px|100px|90px|100px|false|false\u00a0\u00bb custom_padding_tablet=\u00a0\u00bb90px|100px|90px|100px\u00a0\u00bb custom_padding_phone=\u00a0\u00bb90px|40px|90px|40px\u00a0\u00bb custom_padding_last_edited=\u00a0\u00bbon|phone\u00a0\u00bb use_border_color=\u00a0\u00bboff\u00a0\u00bb border_style=\u00a0\u00bbsolid\u00a0\u00bb global_colors_info=\u00a0\u00bb{}\u00a0\u00bb]<\/p>\n<h1><strong>Aur\u00e9lie de Lalande<br \/><\/strong><\/h1>\n<p>&nbsp;<\/p>\n<p>Titulaire de deux Masters (<em>Communication Institutionnelle au Celsa<\/em> &#8211; Paris La Sorbonne, et <em>Environnement et Politiques de D\u00e9veloppement<\/em> \u00e0 l&rsquo;Universit\u00e9 de Sussex, au Royaume-Uni), j\u2019ai travaill\u00e9 15 ans pour des ONG, institutions publiques et culturelles, en tant que sp\u00e9cialiste de la communication et charg\u00e9e de projets.<\/p>\n<p>Amoureuse du monde et de sa diversit\u00e9, j\u2019y puise mon \u00e9nergie et mon inspiration. Je me sens \u00e0 la maison l\u00e0 o\u00f9 les cultures se rencontrent. Apr\u00e8s avoir grandi en France, j\u2019ai \u00e9tudi\u00e9 en Angleterre, v\u00e9cu et travaill\u00e9 au Burkina Faso, au Mali et en Inde. Je vis et travaille aujourd\u2019hui en Suisse.<\/p>\n<p>En 2012, j\u2019ai commenc\u00e9 \u00e0 me former intensivement \u00e0 la Communication NonViolente (CNV) selon le processus d\u00e9velopp\u00e9 par Marshall Rosenberg. Cette pratique tr\u00e8s concr\u00e8te et puissante pour soutenir les relations, tisser la confiance et cr\u00e9er du lien est devenue mon fil rouge.<\/p>\n<p>J\u2019ai re\u00e7u plus de cent trente jours de formation en CNV \u00e0 ce jour, et continue de me former. Je suis accr\u00e9dit\u00e9e en tant qu\u2019accompagnante individuelle par la CNV (AICNV).<\/p>\n<p>Je travaille \u00e9galement avec la m\u00e9thodologie d\u00e9velopp\u00e9e par Generation Purpose (Nadja Schnetzler et Laurent Burst) pour soutenir les organisations et les \u00e9quipes dans la d\u00e9finition de leur raison d\u2019\u00eatre (<em>Purpose<\/em>) et de leurs valeurs communes \u2013 processus rassembleur, \u00e9nergisant et porteur de sens.<\/p>\n<p>Soutenir la fluidit\u00e9 des relations et la communication dans les organisations, au service de collaborations efficaces et joyeuses, telle est ma contribution aujourd\u2019hui.<\/p>\n<p>[\/et_pb_text][et_pb_button button_url=\u00a0\u00bb@ET-DC@eyJkeW5hbWljIjp0cnVlLCJjb250ZW50IjoicG9zdF9saW5rX3VybF9wYWdlIiwic2V0dGluZ3MiOnsicG9zdF9pZCI6IjI4NjQwIn19@\u00a0\u00bb button_text=\u00a0\u00bbD\u00e9couvrir mes offres d\u2019accompagnement\u00a0\u00bb button_alignment=\u00a0\u00bbcenter\u00a0\u00bb _builder_version=\u00a0\u00bb4.17.4&Prime; _dynamic_attributes=\u00a0\u00bbbutton_url\u00a0\u00bb _module_preset=\u00a0\u00bbdefault\u00a0\u00bb custom_button=\u00a0\u00bbon\u00a0\u00bb button_text_color=\u00a0\u00bb#006E67&Prime; button_bg_color=\u00a0\u00bbRGBA(255,255,255,0)\u00a0\u00bb button_font=\u00a0\u00bbRoboto|300|||||||\u00a0\u00bb custom_margin=\u00a0\u00bb||100px||false|false\u00a0\u00bb custom_margin_tablet=\u00a0\u00bb|||0px|false|false\u00a0\u00bb custom_margin_phone=\u00a0\u00bb|20px|100px|20px|false|false\u00a0\u00bb custom_margin_last_edited=\u00a0\u00bbon|desktop\u00a0\u00bb custom_padding=\u00a0\u00bb||||false|false\u00a0\u00bb global_colors_info=\u00a0\u00bb{}\u00a0\u00bb][\/et_pb_button][\/et_pb_column][\/et_pb_row][\/et_pb_section]<\/p>\n","protected":false},"excerpt":{"rendered":"<p>Aur\u00e9lie de Lalande &nbsp; Titulaire de deux Masters (Communication Institutionnelle au Celsa &#8211; Paris La Sorbonne, et Environnement et Politiques de D\u00e9veloppement \u00e0 l&rsquo;Universit\u00e9 de Sussex, au Royaume-Uni), j\u2019ai travaill\u00e9 15 ans pour des ONG, institutions publiques et culturelles, en tant que sp\u00e9cialiste de la communication et charg\u00e9e de projets. Amoureuse du monde et de [&hellip;]<\/p>\n","protected":false},"author":1,"featured_media":0,"parent":0,"menu_order":0,"comment_status":"closed","ping_status":"closed","template":"","meta":{"_et_pb_use_builder":"on","_et_pb_old_content":"","_et_gb_content_width":"","footnotes":""},"class_list":["post-28852","page","type-page","status-publish","hentry"],"_links":{"self":[{"href":"https:\/\/holdingspace.be\/de\/wp-json\/wp\/v2\/pages\/28852","targetHints":{"allow":["GET"]}}],"collection":[{"href":"https:\/\/holdingspace.be\/de\/wp-json\/wp\/v2\/pages"}],"about":[{"href":"https:\/\/holdingspace.be\/de\/wp-json\/wp\/v2\/types\/page"}],"author":[{"embeddable":true,"href":"https:\/\/holdingspace.be\/de\/wp-json\/wp\/v2\/users\/1"}],"replies":[{"embeddable":true,"href":"https:\/\/holdingspace.be\/de\/wp-json\/wp\/v2\/comments?post=28852"}],"version-history":[{"count":12,"href":"https:\/\/holdingspace.be\/de\/wp-json\/wp\/v2\/pages\/28852\/revisions"}],"predecessor-version":[{"id":29670,"href":"https:\/\/holdingspace.be\/de\/wp-json\/wp\/v2\/pages\/28852\/revisions\/29670"}],"wp:attachment":[{"href":"https:\/\/holdingspace.be\/de\/wp-json\/wp\/v2\/media?parent=28852"}],"curies":[{"name":"wp","href":"https:\/\/api.w.org\/{rel}","templated":true}]}}